{"id":10222,"date":"2025-05-28T19:35:57","date_gmt":"2025-05-28T19:35:57","guid":{"rendered":"https:\/\/vitablanca.ma\/product\/the-ordinary-matrixyl-10-ha-30-ml\/"},"modified":"2026-03-01T22:23:17","modified_gmt":"2026-03-01T22:23:17","slug":"the-ordinary-matrixyl-10-ha-30-ml","status":"publish","type":"product","link":"https:\/\/vitablanca.ma\/ar\/product-2\/the-ordinary-matrixyl-10-ha-30-ml\/","title":{"rendered":"\u0630\u0627 \u0627\u0648\u0631\u062f\u064a\u0646\u0627\u0631\u064a \u0645\u0627\u062a\u0631\u064a\u0643\u0633\u064a\u0644* 10 % + HA 30 \u0645\u0644"},"content":{"rendered":"<p>\u0648\u0635\u0641 :<br \/>\nUne puissante formule aux peptides.<\/p>\n<p>\u062d\u0644\u0648\u0644 \u0644:<br \/>\n&#8211; Rides et ridules<\/p>\n<p>\u0645\u0639\u0644\u0648\u0645\u0627\u062a \u0625\u0636\u0627\u0641\u064a\u0629:<br \/>\nLe matrixyl est une composition de peptides hautement efficace dont la capacit\u00e9 \u00e0 r\u00e9duire l\u2019aspect des rides dynamiques a \u00e9t\u00e9 d\u00e9montr\u00e9e. Il contient deux g\u00e9n\u00e9rations de matrixyl (matrixyl 3000 et matrixyl synthe\u20196) pr\u00e9sentant une concentration combin\u00e9e de 10 pour cent en poids. Par ailleurs, il est int\u00e9gr\u00e9 \u00e0 un syst\u00e8me de lib\u00e9ration sp\u00e9cialis\u00e9 de l\u2019acide hyaluronique.<\/p>\n<p>\u0627\u0644\u0645\u0646\u062a\u062c \u0628\u062f\u0648\u0646:<br \/>\n\u2013 \u0627\u0644\u0628\u0627\u0631\u0627\u0628\u064a\u0646<br \/>\n- \u0627\u0644\u0643\u0628\u0631\u064a\u062a\u0627\u062a<br \/>\n- \u0627\u0644\u0641\u062b\u0627\u0644\u0627\u062a<\/p>\n<p>\u0645\u0627 \u062a\u062d\u062a\u0627\u062c \u0625\u0644\u0649 \u0645\u0639\u0631\u0641\u062a\u0647 \u0623\u064a\u0636\u064b\u0627:<br \/>\nCe produit est v\u00e9g\u00e9talien, non test\u00e9 sur les animaux et ne contient pas d\u2019alcool, de silicone, de noix, de gluten, ni de parfum.<\/p>","protected":false},"excerpt":{"rendered":"<p>Description : Une puissante formule aux peptides. Solutions pour : &#8211; Rides et ridules Compl\u00e9ment d\u2019information : Le matrixyl est une composition de peptides hautement efficace dont la capacit\u00e9 \u00e0 r\u00e9duire l\u2019aspect des rides dynamiques a \u00e9t\u00e9 d\u00e9montr\u00e9e. Il contient deux g\u00e9n\u00e9rations de matrixyl (matrixyl 3000 et matrixyl synthe\u20196) pr\u00e9sentant une concentration combin\u00e9e de 10 [&hellip;]<\/p>\n","protected":false},"featured_media":10221,"template":"","meta":{"om_disable_all_campaigns":false},"product_brand":[6942],"product_cat":[18,15,1186],"product_tag":[4774,8698,8695,8696,8694,8697,8693,3467,8692],"class_list":{"0":"post-10222","1":"product","2":"type-product","3":"status-publish","4":"has-post-thumbnail","6":"product_brand-the-ordinary-maroc-prix","7":"product_cat-beaute-sante","8":"product_cat-beaute-sante-complements-alimentaires-soins-et-bien-etre-au-meilleur-prix","9":"product_cat-visage","10":"product_tag-acide-hyaluronique-maroc","11":"product_tag-dermo-cosmetique-maroc","12":"product_tag-niacinamide-maroc","13":"product_tag-peeling-maroc","14":"product_tag-retinol-maroc","15":"product_tag-routine-peau","16":"product_tag-serums-actifs-maroc","17":"product_tag-soins-visage-maroc","18":"product_tag-the-ordinary-maroc","20":"first","21":"instock","22":"taxable","23":"shipping-taxable","24":"purchasable","25":"product-type-simple"},"yoast_head":"<!-- This site is optimized with the Yoast SEO plugin v27.5 - https:\/\/yoast.com\/product\/yoast-seo-wordpress\/ -->\n<title>The Ordinary Matrixyl* 10 % + HA 30 ML - Maroc Prix<\/title>\n<meta name=\"description\" content=\"The Ordinary Matrixyl* 10 % + HA 30 ML\" \/>\n<meta name=\"robots\" content=\"index, follow, max-snippet:-1, max-image-preview:large, max-video-preview:-1\" \/>\n<link rel=\"canonical\" href=\"https:\/\/vitablanca.ma\/ar\/product-2\/the-ordinary-matrixyl-10-ha-30-ml\/\" \/>\n<meta property=\"og:locale\" content=\"ar_AR\" \/>\n<meta property=\"og:type\" content=\"article\" \/>\n<meta property=\"og:title\" content=\"The Ordinary Matrixyl* 10 % + HA 30 ML - Maroc Prix\" \/>\n<meta property=\"og:description\" content=\"The Ordinary Matrixyl* 10 % + HA 30 ML\" \/>\n<meta property=\"og:url\" content=\"https:\/\/vitablanca.ma\/ar\/product-2\/the-ordinary-matrixyl-10-ha-30-ml\/\" \/>\n<meta property=\"og:site_name\" content=\"Vitablanca.ma &ndash; Sant&eacute;, vitalit&eacute; et bien-&ecirc;tre pour tous les Marocains\" \/>\n<meta property=\"article:publisher\" content=\"https:\/\/www.facebook.com\/profile.php?id=61576678196717\" \/>\n<meta property=\"article:modified_time\" content=\"2026-03-01T22:23:17+00:00\" \/>\n<meta property=\"og:image\" content=\"https:\/\/vitablanca.ma\/wp-content\/uploads\/2025\/05\/The_ordinary_matrixyl_cee9bfdd-3e9d-44a9-8cd7-5008998472ab.jpg\" \/>\n\t<meta property=\"og:image:width\" content=\"800\" \/>\n\t<meta property=\"og:image:height\" content=\"800\" \/>\n\t<meta property=\"og:image:type\" content=\"image\/jpeg\" \/>\n<meta name=\"twitter:card\" content=\"summary_large_image\" \/>\n<meta name=\"twitter:label1\" content=\"\u0648\u0642\u062a \u0627\u0644\u0642\u0631\u0627\u0621\u0629 \u0627\u0644\u0645\u064f\u0642\u062f\u0651\u0631\" \/>\n\t<meta name=\"twitter:data1\" content=\"\u062f\u0642\u064a\u0642\u0629 \u0648\u0627\u062d\u062f\u0629\" \/>\n<script type=\"application\/ld+json\" class=\"yoast-schema-graph\">{\"@context\":\"https:\\\/\\\/schema.org\",\"@graph\":[{\"@type\":[\"WebPage\",\"ItemPage\"],\"@id\":\"https:\\\/\\\/vitablanca.ma\\\/produit\\\/the-ordinary-matrixyl-10-ha-30-ml\\\/\",\"url\":\"https:\\\/\\\/vitablanca.ma\\\/produit\\\/the-ordinary-matrixyl-10-ha-30-ml\\\/\",\"name\":\"The Ordinary Matrixyl* 10 % + HA 30 ML - Maroc Prix\",\"isPartOf\":{\"@id\":\"https:\\\/\\\/vitablanca.ma\\\/#website\"},\"primaryImageOfPage\":{\"@id\":\"https:\\\/\\\/vitablanca.ma\\\/produit\\\/the-ordinary-matrixyl-10-ha-30-ml\\\/#primaryimage\"},\"image\":{\"@id\":\"https:\\\/\\\/vitablanca.ma\\\/produit\\\/the-ordinary-matrixyl-10-ha-30-ml\\\/#primaryimage\"},\"thumbnailUrl\":\"https:\\\/\\\/vitablanca.ma\\\/wp-content\\\/uploads\\\/2025\\\/05\\\/The_ordinary_matrixyl_cee9bfdd-3e9d-44a9-8cd7-5008998472ab.jpg\",\"datePublished\":\"2025-05-28T19:35:57+00:00\",\"dateModified\":\"2026-03-01T22:23:17+00:00\",\"description\":\"The Ordinary Matrixyl* 10 % + HA 30 ML\",\"breadcrumb\":{\"@id\":\"https:\\\/\\\/vitablanca.ma\\\/produit\\\/the-ordinary-matrixyl-10-ha-30-ml\\\/#breadcrumb\"},\"inLanguage\":\"ar\",\"potentialAction\":[{\"@type\":\"ReadAction\",\"target\":[\"https:\\\/\\\/vitablanca.ma\\\/produit\\\/the-ordinary-matrixyl-10-ha-30-ml\\\/\"]}]},{\"@type\":\"ImageObject\",\"inLanguage\":\"ar\",\"@id\":\"https:\\\/\\\/vitablanca.ma\\\/produit\\\/the-ordinary-matrixyl-10-ha-30-ml\\\/#primaryimage\",\"url\":\"https:\\\/\\\/vitablanca.ma\\\/wp-content\\\/uploads\\\/2025\\\/05\\\/The_ordinary_matrixyl_cee9bfdd-3e9d-44a9-8cd7-5008998472ab.jpg\",\"contentUrl\":\"https:\\\/\\\/vitablanca.ma\\\/wp-content\\\/uploads\\\/2025\\\/05\\\/The_ordinary_matrixyl_cee9bfdd-3e9d-44a9-8cd7-5008998472ab.jpg\",\"width\":800,\"height\":800},{\"@type\":\"BreadcrumbList\",\"@id\":\"https:\\\/\\\/vitablanca.ma\\\/produit\\\/the-ordinary-matrixyl-10-ha-30-ml\\\/#breadcrumb\",\"itemListElement\":[{\"@type\":\"ListItem\",\"position\":1,\"name\":\"Home\",\"item\":\"https:\\\/\\\/vitablanca.ma\\\/\"},{\"@type\":\"ListItem\",\"position\":2,\"name\":\"Tous Les Produits\",\"item\":\"https:\\\/\\\/vitablanca.ma\\\/tous-les-produits\\\/\"},{\"@type\":\"ListItem\",\"position\":3,\"name\":\"The Ordinary Matrixyl* 10 % + HA 30 ML\"}]},{\"@type\":\"WebSite\",\"@id\":\"https:\\\/\\\/vitablanca.ma\\\/#website\",\"url\":\"https:\\\/\\\/vitablanca.ma\\\/\",\"name\":\"VitaBlanca.ma | Compl\u00e9ments alimentaires, sant\u00e9 & beaut\u00e9 au Maroc\",\"description\":\"vendre vitamines et compl\u00e9ments premium des USA &amp; Canada, Nouvelle Z\u00e9lande,Maroc (NOW Foods, Solgar, Manuka). Livraison rapide partout au Maroc.\",\"publisher\":{\"@id\":\"https:\\\/\\\/vitablanca.ma\\\/#organization\"},\"alternateName\":\"VitaBlanca.ma\",\"potentialAction\":[{\"@type\":\"SearchAction\",\"target\":{\"@type\":\"EntryPoint\",\"urlTemplate\":\"https:\\\/\\\/vitablanca.ma\\\/?s={search_term_string}\"},\"query-input\":{\"@type\":\"PropertyValueSpecification\",\"valueRequired\":true,\"valueName\":\"search_term_string\"}}],\"inLanguage\":\"ar\"},{\"@type\":\"Organization\",\"@id\":\"https:\\\/\\\/vitablanca.ma\\\/#organization\",\"name\":\"VitaBlanca\",\"url\":\"https:\\\/\\\/vitablanca.ma\\\/\",\"logo\":{\"@type\":\"ImageObject\",\"inLanguage\":\"ar\",\"@id\":\"https:\\\/\\\/vitablanca.ma\\\/#\\\/schema\\\/logo\\\/image\\\/\",\"url\":\"https:\\\/\\\/vitablanca.ma\\\/wp-content\\\/uploads\\\/2025\\\/05\\\/cropped-vitablanca.png\",\"contentUrl\":\"https:\\\/\\\/vitablanca.ma\\\/wp-content\\\/uploads\\\/2025\\\/05\\\/cropped-vitablanca.png\",\"width\":360,\"height\":67,\"caption\":\"VitaBlanca\"},\"image\":{\"@id\":\"https:\\\/\\\/vitablanca.ma\\\/#\\\/schema\\\/logo\\\/image\\\/\"},\"sameAs\":[\"https:\\\/\\\/www.facebook.com\\\/profile.php?id=61576678196717\",\"https:\\\/\\\/www.tiktok.com\\\/@vitablanca.ma\",\"https:\\\/\\\/www.instagram.com\\\/vitablanca.ma\\\/\"]}]}<\/script>\n<!-- \/ Yoast SEO plugin. -->","yoast_head_json":{"title":"The Ordinary Matrixyl* 10 % + HA 30 ML - Maroc Prix","description":"\u0630\u0627 \u0627\u0648\u0631\u062f\u064a\u0646\u0627\u0631\u064a \u0645\u0627\u062a\u0631\u064a\u0643\u0633\u064a\u0644* 10 % + HA 30 \u0645\u0644","robots":{"index":"index","follow":"follow","max-snippet":"max-snippet:-1","max-image-preview":"max-image-preview:large","max-video-preview":"max-video-preview:-1"},"canonical":"https:\/\/vitablanca.ma\/ar\/product-2\/the-ordinary-matrixyl-10-ha-30-ml\/","og_locale":"ar_AR","og_type":"article","og_title":"The Ordinary Matrixyl* 10 % + HA 30 ML - Maroc Prix","og_description":"The Ordinary Matrixyl* 10 % + HA 30 ML","og_url":"https:\/\/vitablanca.ma\/ar\/product-2\/the-ordinary-matrixyl-10-ha-30-ml\/","og_site_name":"Vitablanca.ma &ndash; Sant&eacute;, vitalit&eacute; et bien-&ecirc;tre pour tous les Marocains","article_publisher":"https:\/\/www.facebook.com\/profile.php?id=61576678196717","article_modified_time":"2026-03-01T22:23:17+00:00","og_image":[{"width":800,"height":800,"url":"https:\/\/vitablanca.ma\/wp-content\/uploads\/2025\/05\/The_ordinary_matrixyl_cee9bfdd-3e9d-44a9-8cd7-5008998472ab.jpg","type":"image\/jpeg"}],"twitter_card":"summary_large_image","twitter_misc":{"\u0648\u0642\u062a \u0627\u0644\u0642\u0631\u0627\u0621\u0629 \u0627\u0644\u0645\u064f\u0642\u062f\u0651\u0631":"\u062f\u0642\u064a\u0642\u0629 \u0648\u0627\u062d\u062f\u0629"},"schema":{"@context":"https:\/\/schema.org","@graph":[{"@type":["WebPage","ItemPage"],"@id":"https:\/\/vitablanca.ma\/produit\/the-ordinary-matrixyl-10-ha-30-ml\/","url":"https:\/\/vitablanca.ma\/produit\/the-ordinary-matrixyl-10-ha-30-ml\/","name":"The Ordinary Matrixyl* 10 % + HA 30 ML - Maroc Prix","isPartOf":{"@id":"https:\/\/vitablanca.ma\/#website"},"primaryImageOfPage":{"@id":"https:\/\/vitablanca.ma\/produit\/the-ordinary-matrixyl-10-ha-30-ml\/#primaryimage"},"image":{"@id":"https:\/\/vitablanca.ma\/produit\/the-ordinary-matrixyl-10-ha-30-ml\/#primaryimage"},"thumbnailUrl":"https:\/\/vitablanca.ma\/wp-content\/uploads\/2025\/05\/The_ordinary_matrixyl_cee9bfdd-3e9d-44a9-8cd7-5008998472ab.jpg","datePublished":"2025-05-28T19:35:57+00:00","dateModified":"2026-03-01T22:23:17+00:00","description":"\u0630\u0627 \u0627\u0648\u0631\u062f\u064a\u0646\u0627\u0631\u064a \u0645\u0627\u062a\u0631\u064a\u0643\u0633\u064a\u0644* 10 % + HA 30 \u0645\u0644","breadcrumb":{"@id":"https:\/\/vitablanca.ma\/produit\/the-ordinary-matrixyl-10-ha-30-ml\/#breadcrumb"},"inLanguage":"ar","potentialAction":[{"@type":"ReadAction","target":["https:\/\/vitablanca.ma\/produit\/the-ordinary-matrixyl-10-ha-30-ml\/"]}]},{"@type":"ImageObject","inLanguage":"ar","@id":"https:\/\/vitablanca.ma\/produit\/the-ordinary-matrixyl-10-ha-30-ml\/#primaryimage","url":"https:\/\/vitablanca.ma\/wp-content\/uploads\/2025\/05\/The_ordinary_matrixyl_cee9bfdd-3e9d-44a9-8cd7-5008998472ab.jpg","contentUrl":"https:\/\/vitablanca.ma\/wp-content\/uploads\/2025\/05\/The_ordinary_matrixyl_cee9bfdd-3e9d-44a9-8cd7-5008998472ab.jpg","width":800,"height":800},{"@type":"BreadcrumbList","@id":"https:\/\/vitablanca.ma\/produit\/the-ordinary-matrixyl-10-ha-30-ml\/#breadcrumb","itemListElement":[{"@type":"ListItem","position":1,"name":"Home","item":"https:\/\/vitablanca.ma\/"},{"@type":"ListItem","position":2,"name":"Tous Les Produits","item":"https:\/\/vitablanca.ma\/tous-les-produits\/"},{"@type":"ListItem","position":3,"name":"The Ordinary Matrixyl* 10 % + HA 30 ML"}]},{"@type":"WebSite","@id":"https:\/\/vitablanca.ma\/#website","url":"https:\/\/vitablanca.ma\/","name":"VitaBlanca.ma | \u0627\u0644\u0645\u0643\u0645\u0644\u0627\u062a \u0627\u0644\u063a\u0630\u0627\u0626\u064a\u0629\u060c \u0627\u0644\u0635\u062d\u0629 \u0648\u0627\u0644\u062c\u0645\u0627\u0644 \u0641\u064a \u0627\u0644\u0645\u063a\u0631\u0628","description":"\u0646\u0628\u064a\u0639 \u0641\u064a\u062a\u0627\u0645\u064a\u0646\u0627\u062a \u0648\u0645\u0643\u0645\u0644\u0627\u062a \u063a\u0630\u0627\u0626\u064a\u0629 \u0641\u0627\u062e\u0631\u0629 \u0645\u0646 \u0627\u0644\u0648\u0644\u0627\u064a\u0627\u062a \u0627\u0644\u0645\u062a\u062d\u062f\u0629 \u0627\u0644\u0623\u0645\u0631\u064a\u0643\u064a\u0629 \u0648\u0643\u0646\u062f\u0627 \u0648\u0646\u064a\u0648\u0632\u064a\u0644\u0646\u062f\u0627 \u0648\u0627\u0644\u0645\u063a\u0631\u0628 (\u0646\u0627\u0648 \u0641\u0648\u062f\u0632\u060c \u0633\u0648\u0644\u062c\u0627\u0631\u060c \u0645\u0627\u0646\u0648\u0643\u0627). \u062a\u0648\u0635\u064a\u0644 \u0633\u0631\u064a\u0639 \u0625\u0644\u0649 \u062c\u0645\u064a\u0639 \u0623\u0646\u062d\u0627\u0621 \u0627\u0644\u0645\u063a\u0631\u0628.","publisher":{"@id":"https:\/\/vitablanca.ma\/#organization"},"alternateName":"VitaBlanca.ma","potentialAction":[{"@type":"SearchAction","target":{"@type":"EntryPoint","urlTemplate":"https:\/\/vitablanca.ma\/?s={search_term_string}"},"query-input":{"@type":"PropertyValueSpecification","valueRequired":true,"valueName":"search_term_string"}}],"inLanguage":"ar"},{"@type":"Organization","@id":"https:\/\/vitablanca.ma\/#organization","name":"\u0641\u064a\u062a\u0627\u0628\u0644\u0627\u0646\u0643\u0627","url":"https:\/\/vitablanca.ma\/","logo":{"@type":"ImageObject","inLanguage":"ar","@id":"https:\/\/vitablanca.ma\/#\/schema\/logo\/image\/","url":"https:\/\/vitablanca.ma\/wp-content\/uploads\/2025\/05\/cropped-vitablanca.png","contentUrl":"https:\/\/vitablanca.ma\/wp-content\/uploads\/2025\/05\/cropped-vitablanca.png","width":360,"height":67,"caption":"VitaBlanca"},"image":{"@id":"https:\/\/vitablanca.ma\/#\/schema\/logo\/image\/"},"sameAs":["https:\/\/www.facebook.com\/profile.php?id=61576678196717","https:\/\/www.tiktok.com\/@vitablanca.ma","https:\/\/www.instagram.com\/vitablanca.ma\/"]}]}},"jetpack_sharing_enabled":true,"_links":{"self":[{"href":"https:\/\/vitablanca.ma\/ar\/wp-json\/wp\/v2\/product\/10222","targetHints":{"allow":["GET"]}}],"collection":[{"href":"https:\/\/vitablanca.ma\/ar\/wp-json\/wp\/v2\/product"}],"about":[{"href":"https:\/\/vitablanca.ma\/ar\/wp-json\/wp\/v2\/types\/product"}],"wp:featuredmedia":[{"embeddable":true,"href":"https:\/\/vitablanca.ma\/ar\/wp-json\/wp\/v2\/media\/10221"}],"wp:attachment":[{"href":"https:\/\/vitablanca.ma\/ar\/wp-json\/wp\/v2\/media?parent=10222"}],"wp:term":[{"taxonomy":"product_brand","embeddable":true,"href":"https:\/\/vitablanca.ma\/ar\/wp-json\/wp\/v2\/product_brand?post=10222"},{"taxonomy":"product_cat","embeddable":true,"href":"https:\/\/vitablanca.ma\/ar\/wp-json\/wp\/v2\/product_cat?post=10222"},{"taxonomy":"product_tag","embeddable":true,"href":"https:\/\/vitablanca.ma\/ar\/wp-json\/wp\/v2\/product_tag?post=10222"}],"curies":[{"name":"wp","href":"https:\/\/api.w.org\/{rel}","templated":true}]}}